{"id":13,"date":"2017-09-03T17:06:27","date_gmt":"2017-09-03T17:06:27","guid":{"rendered":"http:\/\/schuetzenverein-judenbach.de\/?page_id=13"},"modified":"2023-09-26T15:16:39","modified_gmt":"2023-09-26T14:16:39","slug":"willkommen","status":"publish","type":"page","link":"https:\/\/schuetzenverein-judenbach.de\/","title":{"rendered":"Willkommen"},"content":{"rendered":"<p><b><big>Sch\u00fctzenverein Judenbach e.V.<\/big><\/b><\/p>\n\n\n<figure class=\"wp-block-video\"><video height=\"1080\" style=\"aspect-ratio: 1920 \/ 1080;\" width=\"1920\" controls src=\"https:\/\/schuetzenverein-judenbach.de\/wp-content\/uploads\/2023\/09\/FINAL-Schiessstand-Judenbach-2023.mp4\"><\/video><\/figure>\n\n\n\n<p>Entdecke den Sch\u00fctzenverein Judenbach, in dem der <strong>Schie\u00dfsport im Mittelpunkt<\/strong> steht! Wir sind ein engagierter und leidenschaftlicher Verein, welcher den <strong>Fokus auf die sportliche Seite<\/strong> legt. Bei uns kannst du deinen Sport gewissenhaft aus\u00fcben und in einem freundlichen Umfeld mit <strong>Gleichgesinnten fachsimpeln<\/strong>.<\/p>\n\n\n\n<p>Unser Verein nutzt den <strong>hausinternen Schie\u00dfstand<\/strong>, bei dem f\u00fcr jede Nutzung eine kleine Geb\u00fchr anf\u00e4llt. Dadurch gibt es bei uns <strong>keine Pflichtarbeitsstunden<\/strong> und du kannst dich stattdessen ganz auf deine Leidenschaft f\u00fcr den Schie\u00dfsport zu konzentrieren. Vereinbare gerne einen <strong>Termin zum Probeschie\u00dfen<\/strong> und werde Teil unserer sportbegeisterten Gemeinschaft!<\/p>\n\n\n\n<h2 class=\"wp-block-heading\">Schie\u00dfstandbahnen<\/h2>\n\n\n\n<figure class=\"wp-block-image size-full\"><img loading=\"lazy\" decoding=\"async\" width=\"912\" height=\"177\" src=\"https:\/\/schuetzenverein-judenbach.de\/wp-content\/uploads\/2023\/05\/schiessbahnen1.jpg\" alt=\"\" class=\"wp-image-2816\" srcset=\"https:\/\/schuetzenverein-judenbach.de\/wp-content\/uploads\/2023\/05\/schiessbahnen1.jpg 912w, https:\/\/schuetzenverein-judenbach.de\/wp-content\/uploads\/2023\/05\/schiessbahnen1-300x58.jpg 300w, https:\/\/schuetzenverein-judenbach.de\/wp-content\/uploads\/2023\/05\/schiessbahnen1-768x149.jpg 768w\" sizes=\"auto, (max-width: 912px) 100vw, 912px\" \/><\/figure>\n\n\n\n<p>Die 100m und 50m Bahnen sind mit einer Seilzuganlage anger\u00fcstet.<br><a href=\"https:\/\/schuetzenverein-judenbach.de\/?page_id=172\">Weitere Informationen zum Schie\u00dfstand<\/a><\/p>\n\n\n\n<h2 class=\"wp-block-heading\">Unser Verband<\/h2>\n\n\n\n<p>Unser Verein ist stolzes Mitglied des renommierten Verbands <strong>Bund Deutscher Sch\u00fctzen (BDS)<\/strong>, der eine beeindruckende <strong>Vielfalt an Disziplinen<\/strong> bietet und somit f\u00fcr jeden Geschmack das passende Angebot bereith\u00e4lt. Hier findest du sowohl Kurz- als auch Langwaffen-Disziplinen, <strong>Klein- oder Gro\u00dfkaliber<\/strong>, und eine breite Palette an Schie\u00dfsportarten \u2013 vom Fallscheibenschie\u00dfen \u00fcber das spannende Flitenschie\u00dfen auf laufenden Keiler oder Kipphasen bis hin zum klassischen <strong>Tontaubenschie\u00dfen<\/strong>.<\/p>\n\n\n\n<p>Besonders dynamisch geht es beim <strong>IPSC-Schie\u00dfen<\/strong> zu, an dem du <strong>exklusiv<\/strong> nur \u00fcber den <strong>BDS<\/strong> teilnehmen kannst. Und auch <strong>Long Range<\/strong> Sch\u00fctzen kommen hier voll auf ihre Kosten. Entdecke viele weitere faszinierenden Disziplinen auf der <strong><a href=\"https:\/\/www.bdsnet.de\" target=\"_blank\" rel=\"noreferrer noopener\">BDS-Website<\/a><\/strong> und finde genau das Richtige f\u00fcr dich!<\/p>\n\n\n\n<div class=\"wp-block-media-text alignwide is-stacked-on-mobile\" style=\"grid-template-columns:22% auto\"><figure class=\"wp-block-media-text__media\"><img loading=\"lazy\" decoding=\"async\" width=\"300\" height=\"331\" src=\"https:\/\/schuetzenverein-judenbach.de\/wp-content\/uploads\/2023\/05\/bds_logo_300x331-1.png\" alt=\"\" class=\"wp-image-2810 size-full\" srcset=\"https:\/\/schuetzenverein-judenbach.de\/wp-content\/uploads\/2023\/05\/bds_logo_300x331-1.png 300w, https:\/\/schuetzenverein-judenbach.de\/wp-content\/uploads\/2023\/05\/bds_logo_300x331-1-272x300.png 272w\" sizes=\"auto, (max-width: 300px) 100vw, 300px\" \/><\/figure><div class=\"wp-block-media-text__content\">\n<h4 class=\"wp-block-heading\">BUND DEUTSCHER SPORTSCH\u00dcTZEN 1975 e.V.<\/h4>\n\n\n\n<ul class=\"wp-block-list\">\n<li><a href=\"https:\/\/bdsmeisterschaft.de\" target=\"_blank\" rel=\"noreferrer noopener\">Wettkampfanmeldung<\/a><\/li>\n\n\n\n<li><a href=\"https:\/\/www.bdsnet.de\/sport\/allgemeines.html\" target=\"_blank\" rel=\"noreferrer noopener\">Disziplinen<\/a><\/li>\n\n\n\n<li><a href=\"https:\/\/www.bdsnet.de\/standard\/sporthandbuch.html\" target=\"_blank\" rel=\"noreferrer noopener\">Sporthandb\u00fccher<\/a><\/li>\n<\/ul>\n<\/div><\/div>\n\n\n\n<p><\/p>\n\n\n\n<h2 class=\"wp-block-heading\">Gastsch\u00fctzen<\/h2>\n\n\n\n<p>Inhaber einer g\u00fcltigen WBK sind auf unserem Schie\u00dfstand als Gastsch\u00fctzen <strong>jederzeit willkommen<\/strong>. Dies ist gerade auch f\u00fcr <strong>J\u00e4ger<\/strong> interessant, welche Ihre <strong>Waffen einschie\u00dfen<\/strong> m\u00f6chten. Mehr dazu findest du in der <strong><a href=\"https:\/\/schuetzenverein-judenbach.de\/?page_id=1580\">Geb\u00fchrenordnung<\/a><\/strong> des <strong>Schie\u00dfstandes<\/strong>.<\/p>\n\n\n\n<h2 class=\"wp-block-heading\">Wie geht es weiter?<\/h2>\n\n\n\n<ul class=\"wp-block-list\">\n<li><a href=\"https:\/\/schuetzenverein-judenbach.de\/?page_id=54\">Kontakt aufnehmen<\/a><\/li>\n\n\n\n<li><a href=\"https:\/\/schuetzenverein-judenbach.de\/?page_id=172\">Infos zum Schie\u00dfstand<\/a><\/li>\n\n\n\n<li><a href=\"https:\/\/schuetzenverein-judenbach.de\/?page_id=1580\">Geb\u00fchrenordnung Schie\u00dfstand<\/a><\/li>\n<\/ul>\n","protected":false},"excerpt":{"rendered":"<p>Sch\u00fctzenverein Judenbach e.V. Entdecke den Sch\u00fctzenverein Judenbach, in dem der Schie\u00dfsport im Mittelpunkt steht! Wir sind ein engagierter und leidenschaftlicher Verein, welcher den Fokus auf die sportliche Seite legt. Bei uns kannst du deinen Sport gewissenhaft aus\u00fcben und in einem freundlichen Umfeld mit Gleichgesinnten fachsimpeln. Unser Verein nutzt den hausinternen Schie\u00dfstand, bei dem f\u00fcr jede &hellip; <a href=\"https:\/\/schuetzenverein-judenbach.de\/\" class=\"more-link\"><span class=\"screen-reader-text\">Willkommen<\/span> weiterlesen<\/a><\/p>\n","protected":false},"author":1,"featured_media":0,"parent":0,"menu_order":0,"comment_status":"closed","ping_status":"closed","template":"","meta":{"ngg_post_thumbnail":0,"footnotes":""},"class_list":["post-13","page","type-page","status-publish","hentry"],"_links":{"self":[{"href":"https:\/\/schuetzenverein-judenbach.de\/index.php?rest_route=\/wp\/v2\/pages\/13","targetHints":{"allow":["GET"]}}],"collection":[{"href":"https:\/\/schuetzenverein-judenbach.de\/index.php?rest_route=\/wp\/v2\/pages"}],"about":[{"href":"https:\/\/schuetzenverein-judenbach.de\/index.php?rest_route=\/wp\/v2\/types\/page"}],"author":[{"embeddable":true,"href":"https:\/\/schuetzenverein-judenbach.de\/index.php?rest_route=\/wp\/v2\/users\/1"}],"replies":[{"embeddable":true,"href":"https:\/\/schuetzenverein-judenbach.de\/index.php?rest_route=%2Fwp%2Fv2%2Fcomments&post=13"}],"version-history":[{"count":20,"href":"https:\/\/schuetzenverein-judenbach.de\/index.php?rest_route=\/wp\/v2\/pages\/13\/revisions"}],"predecessor-version":[{"id":2901,"href":"https:\/\/schuetzenverein-judenbach.de\/index.php?rest_route=\/wp\/v2\/pages\/13\/revisions\/2901"}],"wp:attachment":[{"href":"https:\/\/schuetzenverein-judenbach.de\/index.php?rest_route=%2Fwp%2Fv2%2Fmedia&parent=13"}],"curies":[{"name":"wp","href":"https:\/\/api.w.org\/{rel}","templated":true}]}}