{"id":1418,"date":"2018-10-21T16:43:32","date_gmt":"2018-10-21T15:43:32","guid":{"rendered":"http:\/\/schuetzenverein-judenbach.de\/?page_id=1418"},"modified":"2018-10-21T16:50:04","modified_gmt":"2018-10-21T15:50:04","slug":"bds-jubilaeumspokal","status":"publish","type":"page","link":"https:\/\/schuetzenverein-judenbach.de\/?page_id=1418","title":{"rendered":"BDS Jubil\u00e4umspokal"},"content":{"rendered":"<h5>Liebe Vereinsmitglieder<\/h5>\n<p>Hiermit m\u00f6chte ich mich nochmal f\u00fcr eure Einsatzbereitschaft und eure Teilnahme am Pokalschiessen 2018 in Judenbach bedanken! Wir haben 69 Starts insgesamt zu verzeichnen, wobei Kurzwaffe \u00fcberwiegte. Die weitesten Sch\u00fctzen kamen von Trusetal, Suhl und Apolda! \u00dcberrascht hat uns der Besuch unseres Pr\u00e4sidenten aus Eisenach, Steffen Ezell! Er \u00fcberzeugte sich selbst von der regen Teilnahme und dem reibungslosen Schiessbetrieb vor Ort!&nbsp;<\/p>\n<p>Im Namen des Vorstandes danke ich nochmal den Standaufsichten, sowie der Anmeldung .<\/p>\n<p>Zeitgleich absolvierten einige Vereinsmitglieder die Unterweisung Standaufsicht, um den BDS Th\u00fcringen zuk\u00fcnftig mit zu unterst\u00fctzen, wenn es um die Ausrichtung von Schiessen geht.<\/p>\n<p>Ein Dank geht auch an die Spender und B\u00e4ckerinnen der verspeisten, leckeren Kuchen!<\/p>\n<p>Ich denke, dass Pokalschiessen war ein Erfolg und ist mit eurer Unterst\u00fctzung wiederholungsf\u00e4hig.<\/p>\n<p>Besten Dank &amp; Sch\u00fctzen Heil, Euer Vorstand<\/p>\nngg_shortcode_0_placeholder\n<p>&nbsp;<\/p>\n","protected":false},"excerpt":{"rendered":"<p>Liebe Vereinsmitglieder Hiermit m\u00f6chte ich mich nochmal f\u00fcr eure Einsatzbereitschaft und eure Teilnahme am Pokalschiessen 2018 in Judenbach bedanken! Wir haben 69 Starts insgesamt zu verzeichnen, wobei Kurzwaffe \u00fcberwiegte. Die weitesten Sch\u00fctzen kamen von Trusetal, Suhl und Apolda! \u00dcberrascht hat uns der Besuch unseres Pr\u00e4sidenten aus Eisenach, Steffen Ezell! Er \u00fcberzeugte sich selbst von der &hellip; <a href=\"https:\/\/schuetzenverein-judenbach.de\/?page_id=1418\" class=\"more-link\"><span class=\"screen-reader-text\">BDS Jubil\u00e4umspokal<\/span> weiterlesen<\/a><\/p>\n","protected":false},"author":1,"featured_media":0,"parent":0,"menu_order":0,"comment_status":"closed","ping_status":"closed","template":"","meta":{"ngg_post_thumbnail":0,"footnotes":""},"class_list":["post-1418","page","type-page","status-publish","hentry"],"_links":{"self":[{"href":"https:\/\/schuetzenverein-judenbach.de\/index.php?rest_route=\/wp\/v2\/pages\/1418","targetHints":{"allow":["GET"]}}],"collection":[{"href":"https:\/\/schuetzenverein-judenbach.de\/index.php?rest_route=\/wp\/v2\/pages"}],"about":[{"href":"https:\/\/schuetzenverein-judenbach.de\/index.php?rest_route=\/wp\/v2\/types\/page"}],"author":[{"embeddable":true,"href":"https:\/\/schuetzenverein-judenbach.de\/index.php?rest_route=\/wp\/v2\/users\/1"}],"replies":[{"embeddable":true,"href":"https:\/\/schuetzenverein-judenbach.de\/index.php?rest_route=%2Fwp%2Fv2%2Fcomments&post=1418"}],"version-history":[{"count":3,"href":"https:\/\/schuetzenverein-judenbach.de\/index.php?rest_route=\/wp\/v2\/pages\/1418\/revisions"}],"predecessor-version":[{"id":1423,"href":"https:\/\/schuetzenverein-judenbach.de\/index.php?rest_route=\/wp\/v2\/pages\/1418\/revisions\/1423"}],"wp:attachment":[{"href":"https:\/\/schuetzenverein-judenbach.de\/index.php?rest_route=%2Fwp%2Fv2%2Fmedia&parent=1418"}],"curies":[{"name":"wp","href":"https:\/\/api.w.org\/{rel}","templated":true}]}}