{"id":177,"date":"2017-09-03T21:49:32","date_gmt":"2017-09-03T20:49:32","guid":{"rendered":"http:\/\/schuetzenverein-judenbach.de\/?page_id=177"},"modified":"2026-04-21T16:35:10","modified_gmt":"2026-04-21T15:35:10","slug":"downloads","status":"publish","type":"page","link":"https:\/\/schuetzenverein-judenbach.de\/?page_id=177","title":{"rendered":"Downloads"},"content":{"rendered":"\n<p><a href=\"https:\/\/schuetzenverein-judenbach.de\/wp-content\/uploads\/2026\/04\/Ausfuellanleitung-fuer-Formular-der-Bestaetigung-des-Vereins.pdf\">Ausf\u00fcllanleitung!!!!!!! WICHTIG!!!!!!!!!!<\/a><\/p>\n\n\n\n<p><strong><a href=\"https:\/\/schuetzenverein-judenbach.de\/wp-content\/uploads\/2026\/04\/Formular-Beduerfnis-ausfuellbar-Seite-1-a.pdf\">Best\u00e4tigung des Vereins und des gem. \u00a7 15 WaffG anerkannten Schie\u00dfsportverbandes Bund Deutscher Sportsch\u00fctzen 1975 e.V. \u00fcber das Fortbestehen des Bed\u00fcrfnisses zum Besitz (\u00a7 4 Abs. 4 WaffG i. V. m. \u00a714 Abs. 5 WaffG)<\/a><\/strong> !!bitte nur am PC ausf\u00fcllen, handschriftlich ausgef\u00fcllte Formulare werden nicht entgegengenommen!!<\/p>\n\n\n<p><a href=\"https:\/\/schuetzenverein-judenbach.de\/wp-content\/uploads\/2025\/02\/Antrag-BDS-Ausweis_5_23.pdf\">Aufnahmeantrag-Mitglied<\/a><\/p>\n<p><a href=\"http:\/\/schuetzenverein-judenbach.de\/wp-content\/uploads\/2017\/09\/074_Voraussetzungen-Antrag-Waffe.pdf\">Voraussetzungen-Antrag-Waffe<\/a><\/p>\n<p><a href=\"https:\/\/schuetzenverein-judenbach.de\/wp-content\/uploads\/2024\/08\/Beduerfniss__07_24.pdf\">Bed\u00fcrfnisantrag<\/a><\/p>\n<p><a href=\"http:\/\/schuetzenverein-judenbach.de\/wp-content\/uploads\/2018\/02\/Bed\u00fcrfnisantrag-Anlagen-AB.doc\">Anlagen A und B Waffenbeantragung<\/a><\/p>\n<p><a href=\"http:\/\/schuetzenverein-judenbach.de\/wp-content\/uploads\/2018\/12\/Leihvertrag-fuer-Schusswaffe.pdf\">Leihvertrag fuer Schusswaffen<\/a><\/p>\n<p><a href=\"http:\/\/schuetzenverein-judenbach.de\/wp-content\/uploads\/2018\/12\/Waffenkaufvertag-von-privat.pdf\">Waffenkaufvertag von privat<\/a><\/p>\n<p><a href=\"https:\/\/schuetzenverein-judenbach.de\/wp-content\/uploads\/2021\/08\/4026.pdf\">Antrag auf Erteilung einer waffenrechtlichen Erlaubnis<\/a><\/p>\n<p><a href=\"https:\/\/thformular.thueringen.de\/thueform\/cfs\/eject\/pdf\/4022.pdf?MANDANTID=18&amp;FORMUID=WAFFG-013-TH-FL\">Anzeige \u00fcber Waffenerwerb oder -\u00fcberlassung \/ Vorlage der Waffenbesitzkarte zur Eintragung &#8211; (Th\u00fcringen) (thueringen.de)<\/a><\/p>\n<p><a href=\"https:\/\/schuetzenverein-judenbach.de\/wp-content\/uploads\/2023\/07\/Vorlage_Beduerfnis_Fortbestehen-Judenbach.docx\">Vorlage Antrag f\u00fcr Fortbestehen des&nbsp;Bed\u00fcrfnisses nach \u00a74 Abs. 4 WaffG i.V.m. \u00a714 Abs. 4 WaffG<\/a><\/p>\n<p><a href=\"https:\/\/schuetzenverein-judenbach.de\/wp-content\/uploads\/2023\/11\/SEPA.docx\">SEPA Lastmandat<\/a><\/p>\n<p>&nbsp;<\/p>\n\n\n<p><\/p>\n","protected":false},"excerpt":{"rendered":"<p>Ausf\u00fcllanleitung!!!!!!! WICHTIG!!!!!!!!!! Best\u00e4tigung des Vereins und des gem. \u00a7 15 WaffG anerkannten Schie\u00dfsportverbandes Bund Deutscher Sportsch\u00fctzen 1975 e.V. \u00fcber das Fortbestehen des Bed\u00fcrfnisses zum Besitz (\u00a7 4 Abs. 4 WaffG i. V. m. \u00a714 Abs. 5 WaffG) !!bitte nur am PC ausf\u00fcllen, handschriftlich ausgef\u00fcllte Formulare werden nicht entgegengenommen!! Aufnahmeantrag-Mitglied Voraussetzungen-Antrag-Waffe Bed\u00fcrfnisantrag Anlagen A und B &hellip; <a href=\"https:\/\/schuetzenverein-judenbach.de\/?page_id=177\" class=\"more-link\"><span class=\"screen-reader-text\">Downloads<\/span> weiterlesen<\/a><\/p>\n","protected":false},"author":1,"featured_media":0,"parent":0,"menu_order":0,"comment_status":"closed","ping_status":"closed","template":"","meta":{"ngg_post_thumbnail":0,"footnotes":""},"class_list":["post-177","page","type-page","status-publish","hentry"],"_links":{"self":[{"href":"https:\/\/schuetzenverein-judenbach.de\/index.php?rest_route=\/wp\/v2\/pages\/177","targetHints":{"allow":["GET"]}}],"collection":[{"href":"https:\/\/schuetzenverein-judenbach.de\/index.php?rest_route=\/wp\/v2\/pages"}],"about":[{"href":"https:\/\/schuetzenverein-judenbach.de\/index.php?rest_route=\/wp\/v2\/types\/page"}],"author":[{"embeddable":true,"href":"https:\/\/schuetzenverein-judenbach.de\/index.php?rest_route=\/wp\/v2\/users\/1"}],"replies":[{"embeddable":true,"href":"https:\/\/schuetzenverein-judenbach.de\/index.php?rest_route=%2Fwp%2Fv2%2Fcomments&post=177"}],"version-history":[{"count":32,"href":"https:\/\/schuetzenverein-judenbach.de\/index.php?rest_route=\/wp\/v2\/pages\/177\/revisions"}],"predecessor-version":[{"id":3597,"href":"https:\/\/schuetzenverein-judenbach.de\/index.php?rest_route=\/wp\/v2\/pages\/177\/revisions\/3597"}],"wp:attachment":[{"href":"https:\/\/schuetzenverein-judenbach.de\/index.php?rest_route=%2Fwp%2Fv2%2Fmedia&parent=177"}],"curies":[{"name":"wp","href":"https:\/\/api.w.org\/{rel}","templated":true}]}}