{"id":1786,"date":"2019-09-08T20:03:53","date_gmt":"2019-09-08T19:03:53","guid":{"rendered":"http:\/\/schuetzenverein-judenbach.de\/?page_id=1786"},"modified":"2023-04-28T19:57:52","modified_gmt":"2023-04-28T18:57:52","slug":"neu-ab-21-09-2019-laufende-scheibe-50-meter","status":"publish","type":"page","link":"https:\/\/schuetzenverein-judenbach.de\/?page_id=1786","title":{"rendered":"!!! NEU ab 21.09.2019 !!! laufender Keiler !!! 50 Meter !!!"},"content":{"rendered":"\nngg_shortcode_0_placeholder\n\n\n\n<p>Ab dem 21.09.2019 kann auf der 50 Meter Distanz eine weitere Disziplin: laufender Keiler bzw. laufende Scheibe geschossen werden. Hierzu bewegt sich die Zielscheibe von rechts nach links in einer bestimmten Geschwindigkeit. In einer Schie\u00dfschneise von 6 Metern muss hier das Ziel aus der Bewegung heraus beschossen werden. Dies geschieht i.d.R. mit Langwaffen im stehend- freien Anschlag. Vor allem f\u00fcr J\u00e4ger stellt dieses Training eine reelle \u00dcbung f\u00fcr die Schwarzwildbejagung dar.<\/p>\n\n\n\nngg_shortcode_1_placeholder\n","protected":false},"excerpt":{"rendered":"<p>Ab dem 21.09.2019 kann auf der 50 Meter Distanz eine weitere Disziplin: laufender Keiler bzw. laufende Scheibe geschossen werden. Hierzu bewegt sich die Zielscheibe von rechts nach links in einer bestimmten Geschwindigkeit. In einer Schie\u00dfschneise von 6 Metern muss hier das Ziel aus der Bewegung heraus beschossen werden. Dies geschieht i.d.R. mit Langwaffen im stehend- &hellip; <a href=\"https:\/\/schuetzenverein-judenbach.de\/?page_id=1786\" class=\"more-link\"><span class=\"screen-reader-text\">!!! NEU ab 21.09.2019 !!! laufender Keiler !!! 50 Meter !!!<\/span> weiterlesen<\/a><\/p>\n","protected":false},"author":1,"featured_media":0,"parent":0,"menu_order":0,"comment_status":"closed","ping_status":"closed","template":"","meta":{"ngg_post_thumbnail":0,"footnotes":""},"class_list":["post-1786","page","type-page","status-publish","hentry"],"_links":{"self":[{"href":"https:\/\/schuetzenverein-judenbach.de\/index.php?rest_route=\/wp\/v2\/pages\/1786","targetHints":{"allow":["GET"]}}],"collection":[{"href":"https:\/\/schuetzenverein-judenbach.de\/index.php?rest_route=\/wp\/v2\/pages"}],"about":[{"href":"https:\/\/schuetzenverein-judenbach.de\/index.php?rest_route=\/wp\/v2\/types\/page"}],"author":[{"embeddable":true,"href":"https:\/\/schuetzenverein-judenbach.de\/index.php?rest_route=\/wp\/v2\/users\/1"}],"replies":[{"embeddable":true,"href":"https:\/\/schuetzenverein-judenbach.de\/index.php?rest_route=%2Fwp%2Fv2%2Fcomments&post=1786"}],"version-history":[{"count":4,"href":"https:\/\/schuetzenverein-judenbach.de\/index.php?rest_route=\/wp\/v2\/pages\/1786\/revisions"}],"predecessor-version":[{"id":2798,"href":"https:\/\/schuetzenverein-judenbach.de\/index.php?rest_route=\/wp\/v2\/pages\/1786\/revisions\/2798"}],"wp:attachment":[{"href":"https:\/\/schuetzenverein-judenbach.de\/index.php?rest_route=%2Fwp%2Fv2%2Fmedia&parent=1786"}],"curies":[{"name":"wp","href":"https:\/\/api.w.org\/{rel}","templated":true}]}}