{"id":1875,"date":"2019-12-05T22:54:32","date_gmt":"2019-12-05T21:54:32","guid":{"rendered":"http:\/\/schuetzenverein-judenbach.de\/?page_id=1875"},"modified":"2019-12-05T22:59:59","modified_gmt":"2019-12-05T21:59:59","slug":"waffensachkunde-die-sechste-hat-in-judenbach-stattgefunden","status":"publish","type":"page","link":"https:\/\/schuetzenverein-judenbach.de\/?page_id=1875","title":{"rendered":"Waffensachkunde die Sechste hat in Judenbach stattgefunden"},"content":{"rendered":"\n<p>Vom 30.11.2019\u00a0 bis zum 01.12. 2019 fand am Schie\u00dfstand Judenbach der 6. Waffensachkundelehrgang mit derabschlie\u00dfenden Pr\u00fcfung gem\u00e4\u00df \u00a77 Waffengesetz f\u00fcr Sportsch\u00fctzen statt. Der Lehrgang schulte die Sportsch\u00fctzen mit Rechtsvorschriften im Umgang mit Waffen und Munition unter Beachtung des Waffen- und Beschussrechts, sowie der Notwehr und des Notstandes. Weiter wurden technische Grundkenntnisse \u00fcber Schusswaffen hinsichtlich der Funktion, sowie Innen- und Aussenballistik, Reichweite und Wirkungsweise der Geschossevermittelt. <\/p>\n\n\n\n<p>Er\u00f6rtet wurde die Problematik verbotener Gegenst\u00e4nde lt.\nWaffengesetz. <\/p>\n\n\n\n<p>Geschult wurde der praktische, sichere Umgang mit Waffen und Munition, einschlie\u00dflich ausreichender Fertigkeiten im Gebrauch von Schusswaffen. Im Anschluss daran folgte eine praktische Pr\u00fcfung hinsichtlich Waffenhandhabeung und eine Schie\u00dfpr\u00fcfung.<\/p>\n\n\n\n<p>Am Sonntag, dem 01.12.2019, mittags, war es dann soweit,\ndie schriftliche Pr\u00fcfung bildete den Abschluss.<\/p>\n\n\n\n<p>Alle 14 Pr\u00fcflinge der Sch\u00fctzenvereine Bachfeld, Neustadt\/\nCo., Sonneberg, Schalkau, Ebersdorf\/ Ludw. und Judenbach bestanden die Pr\u00fcfung\nunter der Pr\u00fcfungskommission von: Daniel Peters, Martin Maier und Steffen Carl.<\/p>\n\n\n\n<p>Allen Pr\u00fcflingen hiermit nochmals Gut Schuss!<\/p>\n\n\n\n<figure class=\"wp-block-image size-large\"><img loading=\"lazy\" decoding=\"async\" width=\"1024\" height=\"768\" src=\"https:\/\/schuetzenverein-judenbach.de\/wp-content\/uploads\/2019\/12\/PHOTO-2019-12-02-19-38-40-1024x768.jpg\" alt=\"\" class=\"wp-image-1877\" srcset=\"https:\/\/schuetzenverein-judenbach.de\/wp-content\/uploads\/2019\/12\/PHOTO-2019-12-02-19-38-40-1024x768.jpg 1024w, https:\/\/schuetzenverein-judenbach.de\/wp-content\/uploads\/2019\/12\/PHOTO-2019-12-02-19-38-40-300x225.jpg 300w, https:\/\/schuetzenverein-judenbach.de\/wp-content\/uploads\/2019\/12\/PHOTO-2019-12-02-19-38-40-768x576.jpg 768w, https:\/\/schuetzenverein-judenbach.de\/wp-content\/uploads\/2019\/12\/PHOTO-2019-12-02-19-38-40-1536x1152.jpg 1536w, https:\/\/schuetzenverein-judenbach.de\/wp-content\/uploads\/2019\/12\/PHOTO-2019-12-02-19-38-40.jpg 1600w\" sizes=\"auto, (max-width: 1024px) 100vw, 1024px\" \/><\/figure>\n\n\n\n<figure class=\"wp-block-image size-large\"><img loading=\"lazy\" decoding=\"async\" width=\"1024\" height=\"768\" src=\"https:\/\/schuetzenverein-judenbach.de\/wp-content\/uploads\/2019\/12\/PHOTO-2019-12-02-19-38-26-1024x768.jpg\" alt=\"\" class=\"wp-image-1876\" srcset=\"https:\/\/schuetzenverein-judenbach.de\/wp-content\/uploads\/2019\/12\/PHOTO-2019-12-02-19-38-26-1024x768.jpg 1024w, https:\/\/schuetzenverein-judenbach.de\/wp-content\/uploads\/2019\/12\/PHOTO-2019-12-02-19-38-26-300x225.jpg 300w, https:\/\/schuetzenverein-judenbach.de\/wp-content\/uploads\/2019\/12\/PHOTO-2019-12-02-19-38-26-768x576.jpg 768w, https:\/\/schuetzenverein-judenbach.de\/wp-content\/uploads\/2019\/12\/PHOTO-2019-12-02-19-38-26-1536x1152.jpg 1536w, https:\/\/schuetzenverein-judenbach.de\/wp-content\/uploads\/2019\/12\/PHOTO-2019-12-02-19-38-26.jpg 1600w\" sizes=\"auto, (max-width: 1024px) 100vw, 1024px\" \/><\/figure>\n","protected":false},"excerpt":{"rendered":"<p>Vom 30.11.2019\u00a0 bis zum 01.12. 2019 fand am Schie\u00dfstand Judenbach der 6. Waffensachkundelehrgang mit derabschlie\u00dfenden Pr\u00fcfung gem\u00e4\u00df \u00a77 Waffengesetz f\u00fcr Sportsch\u00fctzen statt. Der Lehrgang schulte die Sportsch\u00fctzen mit Rechtsvorschriften im Umgang mit Waffen und Munition unter Beachtung des Waffen- und Beschussrechts, sowie der Notwehr und des Notstandes. Weiter wurden technische Grundkenntnisse \u00fcber Schusswaffen hinsichtlich der &hellip; <a href=\"https:\/\/schuetzenverein-judenbach.de\/?page_id=1875\" class=\"more-link\"><span class=\"screen-reader-text\">Waffensachkunde die Sechste hat in Judenbach stattgefunden<\/span> weiterlesen<\/a><\/p>\n","protected":false},"author":1,"featured_media":0,"parent":0,"menu_order":0,"comment_status":"closed","ping_status":"closed","template":"","meta":{"ngg_post_thumbnail":0,"footnotes":""},"class_list":["post-1875","page","type-page","status-publish","hentry"],"_links":{"self":[{"href":"https:\/\/schuetzenverein-judenbach.de\/index.php?rest_route=\/wp\/v2\/pages\/1875","targetHints":{"allow":["GET"]}}],"collection":[{"href":"https:\/\/schuetzenverein-judenbach.de\/index.php?rest_route=\/wp\/v2\/pages"}],"about":[{"href":"https:\/\/schuetzenverein-judenbach.de\/index.php?rest_route=\/wp\/v2\/types\/page"}],"author":[{"embeddable":true,"href":"https:\/\/schuetzenverein-judenbach.de\/index.php?rest_route=\/wp\/v2\/users\/1"}],"replies":[{"embeddable":true,"href":"https:\/\/schuetzenverein-judenbach.de\/index.php?rest_route=%2Fwp%2Fv2%2Fcomments&post=1875"}],"version-history":[{"count":3,"href":"https:\/\/schuetzenverein-judenbach.de\/index.php?rest_route=\/wp\/v2\/pages\/1875\/revisions"}],"predecessor-version":[{"id":1882,"href":"https:\/\/schuetzenverein-judenbach.de\/index.php?rest_route=\/wp\/v2\/pages\/1875\/revisions\/1882"}],"wp:attachment":[{"href":"https:\/\/schuetzenverein-judenbach.de\/index.php?rest_route=%2Fwp%2Fv2%2Fmedia&parent=1875"}],"curies":[{"name":"wp","href":"https:\/\/api.w.org\/{rel}","templated":true}]}}