{"id":2031,"date":"2020-06-19T10:24:53","date_gmt":"2020-06-19T09:24:53","guid":{"rendered":"http:\/\/schuetzenverein-judenbach.de\/?page_id=2031"},"modified":"2021-10-02T20:17:21","modified_gmt":"2021-10-02T19:17:21","slug":"schiesstraining-50m-laufende-scheibe-bzw-laufender-keiler-am-17-07-2020-schiessnachweiss","status":"publish","type":"page","link":"https:\/\/schuetzenverein-judenbach.de\/?page_id=2031","title":{"rendered":"Schie\u00dfnachweis \u201eLaufender Keiler\u201c \/ Training \u201eLaufende Scheibe\u201c auf 50 Meter"},"content":{"rendered":"\n<p><\/p>\n\n\n\n<p>Am Samstag, dem 09.10.2021 von 08:30 bis 12:30 Uhr f\u00fchren wir ein Schie\u00dftraining auf die &#8222;Laufende Scheibe&#8220; bzw. &#8222;Fl\u00fcchtiger \u00dcberl\u00e4ufer&#8220; durch, was auch den Schie\u00dfnachweis best\u00e4tigt.<\/p>\n\n\n\n<p>Geschossen wird eine Serie von 5 Schuss.<\/p>\n\n\n\n<p>Der fl\u00fcchtige \u00dcberl\u00e4ufer ist auf eine L\u00e4nge von 6 Metern in 2,8 Sekunden sichtbar und zu beschie\u00dfen.<\/p>\n\n\n\n<p>Um einen reibungslosen Ablauf zu gew\u00e4hren und unn\u00f6tige Wartezeiten zu verhindern, bitten wir Dich um Deine Anmeldung.<\/p>\n\n\n\n<p>Dies kannst Du per Anmeldeformular \u00fcber unsere Vereinsseite machen, oder \u00fcber whatsapp oder SMS an die: 0151- 58501287 .<\/p>\n\n\n\n<p>Bei Anmeldung erfolgt die Zuweisung der Startzeit.<\/p>\n\n\n\n<p>Standgeb\u00fchr: 13,00\u20ac<\/p>\n\n\n\n<p>Wir freuen uns auf Deine Teilnahme!!!<\/p>\n\n\n\n<p>Steffen Carl<\/p>\n\n\n\n<figure class=\"wp-block-image size-large\"><img loading=\"lazy\" decoding=\"async\" width=\"893\" height=\"593\" src=\"https:\/\/schuetzenverein-judenbach.de\/wp-content\/uploads\/2021\/06\/Wildschweinfadenkreuz.png\" alt=\"\" class=\"wp-image-2260\" srcset=\"https:\/\/schuetzenverein-judenbach.de\/wp-content\/uploads\/2021\/06\/Wildschweinfadenkreuz.png 893w, https:\/\/schuetzenverein-judenbach.de\/wp-content\/uploads\/2021\/06\/Wildschweinfadenkreuz-300x199.png 300w, https:\/\/schuetzenverein-judenbach.de\/wp-content\/uploads\/2021\/06\/Wildschweinfadenkreuz-768x510.png 768w\" sizes=\"auto, (max-width: 893px) 100vw, 893px\" \/><\/figure>\n\n\n\n<figure class=\"wp-block-image size-large\"><img loading=\"lazy\" decoding=\"async\" width=\"1024\" height=\"768\" src=\"https:\/\/schuetzenverein-judenbach.de\/wp-content\/uploads\/2021\/08\/Keiler-1024x768.jpg\" alt=\"\" class=\"wp-image-2354\" srcset=\"https:\/\/schuetzenverein-judenbach.de\/wp-content\/uploads\/2021\/08\/Keiler-1024x768.jpg 1024w, https:\/\/schuetzenverein-judenbach.de\/wp-content\/uploads\/2021\/08\/Keiler-300x225.jpg 300w, https:\/\/schuetzenverein-judenbach.de\/wp-content\/uploads\/2021\/08\/Keiler-768x576.jpg 768w, https:\/\/schuetzenverein-judenbach.de\/wp-content\/uploads\/2021\/08\/Keiler.jpg 1280w\" sizes=\"auto, (max-width: 1024px) 100vw, 1024px\" \/><\/figure>\n","protected":false},"excerpt":{"rendered":"<p>Am Samstag, dem 09.10.2021 von 08:30 bis 12:30 Uhr f\u00fchren wir ein Schie\u00dftraining auf die &#8222;Laufende Scheibe&#8220; bzw. &#8222;Fl\u00fcchtiger \u00dcberl\u00e4ufer&#8220; durch, was auch den Schie\u00dfnachweis best\u00e4tigt. Geschossen wird eine Serie von 5 Schuss. Der fl\u00fcchtige \u00dcberl\u00e4ufer ist auf eine L\u00e4nge von 6 Metern in 2,8 Sekunden sichtbar und zu beschie\u00dfen. Um einen reibungslosen Ablauf zu &hellip; <a href=\"https:\/\/schuetzenverein-judenbach.de\/?page_id=2031\" class=\"more-link\"><span class=\"screen-reader-text\">Schie\u00dfnachweis \u201eLaufender Keiler\u201c \/ Training \u201eLaufende Scheibe\u201c auf 50 Meter<\/span> weiterlesen<\/a><\/p>\n","protected":false},"author":1,"featured_media":0,"parent":0,"menu_order":0,"comment_status":"closed","ping_status":"closed","template":"","meta":{"ngg_post_thumbnail":0,"footnotes":""},"class_list":["post-2031","page","type-page","status-publish","hentry"],"_links":{"self":[{"href":"https:\/\/schuetzenverein-judenbach.de\/index.php?rest_route=\/wp\/v2\/pages\/2031","targetHints":{"allow":["GET"]}}],"collection":[{"href":"https:\/\/schuetzenverein-judenbach.de\/index.php?rest_route=\/wp\/v2\/pages"}],"about":[{"href":"https:\/\/schuetzenverein-judenbach.de\/index.php?rest_route=\/wp\/v2\/types\/page"}],"author":[{"embeddable":true,"href":"https:\/\/schuetzenverein-judenbach.de\/index.php?rest_route=\/wp\/v2\/users\/1"}],"replies":[{"embeddable":true,"href":"https:\/\/schuetzenverein-judenbach.de\/index.php?rest_route=%2Fwp%2Fv2%2Fcomments&post=2031"}],"version-history":[{"count":15,"href":"https:\/\/schuetzenverein-judenbach.de\/index.php?rest_route=\/wp\/v2\/pages\/2031\/revisions"}],"predecessor-version":[{"id":2401,"href":"https:\/\/schuetzenverein-judenbach.de\/index.php?rest_route=\/wp\/v2\/pages\/2031\/revisions\/2401"}],"wp:attachment":[{"href":"https:\/\/schuetzenverein-judenbach.de\/index.php?rest_route=%2Fwp%2Fv2%2Fmedia&parent=2031"}],"curies":[{"name":"wp","href":"https:\/\/api.w.org\/{rel}","templated":true}]}}