{"id":3162,"date":"2024-10-21T12:56:48","date_gmt":"2024-10-21T11:56:48","guid":{"rendered":"https:\/\/schuetzenverein-judenbach.de\/?page_id=3162"},"modified":"2024-10-21T12:57:09","modified_gmt":"2024-10-21T11:57:09","slug":"landespokal-bds-thueringen-am-29-9-2024-in-bottendorf","status":"publish","type":"page","link":"https:\/\/schuetzenverein-judenbach.de\/?page_id=3162","title":{"rendered":"Landespokal BDS Thueringen am 29.9.2024 in Bottendorf"},"content":{"rendered":"\n<p>Disziplin 100m<\/p>\n\n\n\n<figure class=\"wp-block-image size-large\"><img loading=\"lazy\" decoding=\"async\" width=\"768\" height=\"1024\" src=\"https:\/\/schuetzenverein-judenbach.de\/wp-content\/uploads\/2024\/10\/PHOTO-2024-10-20-20-48-20-768x1024.jpg\" alt=\"\" class=\"wp-image-3163\" srcset=\"https:\/\/schuetzenverein-judenbach.de\/wp-content\/uploads\/2024\/10\/PHOTO-2024-10-20-20-48-20-768x1024.jpg 768w, https:\/\/schuetzenverein-judenbach.de\/wp-content\/uploads\/2024\/10\/PHOTO-2024-10-20-20-48-20-225x300.jpg 225w, https:\/\/schuetzenverein-judenbach.de\/wp-content\/uploads\/2024\/10\/PHOTO-2024-10-20-20-48-20-1152x1536.jpg 1152w, https:\/\/schuetzenverein-judenbach.de\/wp-content\/uploads\/2024\/10\/PHOTO-2024-10-20-20-48-20.jpg 1200w\" sizes=\"auto, (max-width: 768px) 100vw, 768px\" \/><\/figure>\n\n\n\n<p><\/p>\n\n\n\n<p>Disziplin 50 Meter<\/p>\n\n\n\n<figure class=\"wp-block-image size-large\"><img loading=\"lazy\" decoding=\"async\" width=\"1024\" height=\"461\" src=\"https:\/\/schuetzenverein-judenbach.de\/wp-content\/uploads\/2024\/10\/PHOTO-2024-10-20-20-57-52-1024x461.jpg\" alt=\"\" class=\"wp-image-3164\" srcset=\"https:\/\/schuetzenverein-judenbach.de\/wp-content\/uploads\/2024\/10\/PHOTO-2024-10-20-20-57-52-1024x461.jpg 1024w, https:\/\/schuetzenverein-judenbach.de\/wp-content\/uploads\/2024\/10\/PHOTO-2024-10-20-20-57-52-300x135.jpg 300w, https:\/\/schuetzenverein-judenbach.de\/wp-content\/uploads\/2024\/10\/PHOTO-2024-10-20-20-57-52-768x346.jpg 768w, https:\/\/schuetzenverein-judenbach.de\/wp-content\/uploads\/2024\/10\/PHOTO-2024-10-20-20-57-52-1536x691.jpg 1536w, https:\/\/schuetzenverein-judenbach.de\/wp-content\/uploads\/2024\/10\/PHOTO-2024-10-20-20-57-52.jpg 1600w\" sizes=\"auto, (max-width: 1024px) 100vw, 1024px\" \/><\/figure>\n\n\n\n<p><\/p>\n\n\n\n<p>Die Sch\u00fctzen des SV Judenbach Ch. Faltinath, M. Bauer, Th. Ziegelh\u00f6fer, M. Brandt und S. Carl konnten in den verschiedenen Disziplinen jeweils dritte Pl\u00e4tze belegen.<\/p>\n","protected":false},"excerpt":{"rendered":"<p>Disziplin 100m Disziplin 50 Meter Die Sch\u00fctzen des SV Judenbach Ch. Faltinath, M. Bauer, Th. Ziegelh\u00f6fer, M. Brandt und S. Carl konnten in den verschiedenen Disziplinen jeweils dritte Pl\u00e4tze belegen.<\/p>\n","protected":false},"author":1,"featured_media":0,"parent":0,"menu_order":0,"comment_status":"closed","ping_status":"closed","template":"","meta":{"ngg_post_thumbnail":0,"footnotes":""},"class_list":["post-3162","page","type-page","status-publish","hentry"],"_links":{"self":[{"href":"https:\/\/schuetzenverein-judenbach.de\/index.php?rest_route=\/wp\/v2\/pages\/3162","targetHints":{"allow":["GET"]}}],"collection":[{"href":"https:\/\/schuetzenverein-judenbach.de\/index.php?rest_route=\/wp\/v2\/pages"}],"about":[{"href":"https:\/\/schuetzenverein-judenbach.de\/index.php?rest_route=\/wp\/v2\/types\/page"}],"author":[{"embeddable":true,"href":"https:\/\/schuetzenverein-judenbach.de\/index.php?rest_route=\/wp\/v2\/users\/1"}],"replies":[{"embeddable":true,"href":"https:\/\/schuetzenverein-judenbach.de\/index.php?rest_route=%2Fwp%2Fv2%2Fcomments&post=3162"}],"version-history":[{"count":1,"href":"https:\/\/schuetzenverein-judenbach.de\/index.php?rest_route=\/wp\/v2\/pages\/3162\/revisions"}],"predecessor-version":[{"id":3166,"href":"https:\/\/schuetzenverein-judenbach.de\/index.php?rest_route=\/wp\/v2\/pages\/3162\/revisions\/3166"}],"wp:attachment":[{"href":"https:\/\/schuetzenverein-judenbach.de\/index.php?rest_route=%2Fwp%2Fv2%2Fmedia&parent=3162"}],"curies":[{"name":"wp","href":"https:\/\/api.w.org\/{rel}","templated":true}]}}