{"id":3302,"date":"2025-06-23T09:29:37","date_gmt":"2025-06-23T08:29:37","guid":{"rendered":"https:\/\/schuetzenverein-judenbach.de\/?page_id=3302"},"modified":"2025-07-14T15:27:04","modified_gmt":"2025-07-14T14:27:04","slug":"bilder-sommerpokal-2025-judenbach","status":"publish","type":"page","link":"https:\/\/schuetzenverein-judenbach.de\/?page_id=3302","title":{"rendered":"Ergebnisse und Bilder 1. offener Sommerpokal des BDS 2025 in  Judenbach"},"content":{"rendered":"\n<h2 class=\"wp-block-heading has-text-align-center\">Ergebnisse<\/h2>\n\n\n<a href=\"https:\/\/schuetzenverein-judenbach.de\/wp-content\/uploads\/2025\/06\/Off.Sommerpokal_BDS.21.06.20252.pdf\" class=\"pdfemb-viewer\" style=\"\" data-width=\"max\" data-height=\"max\" data-toolbar=\"top\" data-toolbar-fixed=\"off\">Off.Sommerpokal_BDS.21.06.20252<\/a>\n\n\n<p class=\"has-text-align-center\"><strong>Die Urkunden und Pokale k\u00f6nnen in den kommenden Tagen am Schie\u00dfstand abgeholt werden. Jeder Teilnehmer erh\u00e4lt eine Urkunde vom BDS Landesverband Th\u00fcringen.<\/strong><\/p>\n\n\n\nngg_shortcode_0_placeholder\n\n\n\n<p class=\"has-text-align-center\"><strong>Abschlussfeuerwerk zum Ausklang des Schie\u00dfevents am Abend<\/strong><\/p>\n\n\n\n<figure class=\"wp-block-video\"><video height=\"478\" style=\"aspect-ratio: 848 \/ 478;\" width=\"848\" controls src=\"https:\/\/schuetzenverein-judenbach.de\/wp-content\/uploads\/2025\/06\/GNIR4915.mp4\"><\/video><\/figure>\n\n\n\n<h2 class=\"wp-block-heading has-text-align-center\">Feedback zum Sommerpokal<\/h2>\n\n\n\n<p>&#8222;<em>Hallo Herr Carl<\/em>,<\/p>\n\n\n\n<p><em>vielen Dank f\u00fcr die gelungene Veranstaltung am Samstag in Judenbach \u2013 es war ein sch\u00f6nes Event, das rundum Spa\u00df gemacht hat. Auch die ver\u00f6ffentlichten Bilder sind klasse.<br>Ich wollte mich dazu noch erkundigen, ob die Ergebnisse bereits feststehen und wann mit der Ver\u00f6ffentlichung zu rechnen ist.<\/em><\/p>\n\n\n\n<p><em>Mit freundlichen Gr\u00fc\u00dfen<br>J. S.<\/em>&#8222;<\/p>\n\n\n\n<hr class=\"wp-block-separator has-alpha-channel-opacity\"\/>\n\n\n\n<p><em>R.S. hat es gut gefallen. Besonders die netten Leute und Speis &amp; Trank<\/em><\/p>\n\n\n\n<p><em>Es gab ein paar Punkte, die h\u00e4tte ich mir besser vorgestellt; bzw. kenne die von anderen St\u00e4nden\/Veranstaltungen anders.<\/em><br><br><em>Der 100m Stand:<\/em><br><br><em>Hier haben mir ein paar Sachen teils arge Probleme bereitet. Das Zweibein steht auf einem \u201eFensterbrett\u201c auf, unter welches der Tisch geschoben ist. Dazu sind die Tische wirklich sehr zu kurz. Dadurch ist man gezwungen, das Genick zu \u00fcberstrecken, um mit der Visierlinie ins Ziel zu kommen; auch kann man nicht mal wie gewohnt eine Hand flach unter den Schaft legen; hier muss man mit der Faust ein T\u00fcrmchen bauen. Dadurch der Tisch obendrein noch zu kurz war, lagen die Schienbeinknochen direkt auf der Stahlkante des Tisches. Alles in allem hat man im Ergebnis \u201eSchie\u00dfen in Zwangslage\u201c und k\u00e4mpft eher damit, als sich wie gewohnt auf den Schuss selbst zu konzentrieren.<br><br>F\u00fcrs n\u00e4chste Mal w\u00fcrde ich mir eine flache und ausreichend lange Auflagefl\u00e4che w\u00fcnschen.<br><br>Zur Organisation:<\/em><br><br>Schon im Vorfeld habe ich mir dazu Gedanken gemacht. Laut Ausschreibung schie\u00dft man 30 Schuss in 30 min. Die Frequentieung der Sch\u00fctzen war mit gesamt 30 Minuten angesetzt. Ergo wurde dem Sch\u00fctzen keine Zeit zugestanden, sich auf dem Stand vern\u00fcnftig einzurichten bzw. im Nachgang abzubauen, da bereits die n\u00e4chsten <em>Sch\u00fctzen warteten. So auch in der Realit\u00e4t geschehen. Das verk\u00fcrzt die eigentliche Zeit zum Schie\u00dfen um 7\u202610 Minuten und sorgt f\u00fcr Hektik.<br><br>Dazu kam; es wurden mehrere Disziplinen parallel geschossen. Dadurch wurde ein Pr\u00e4zision schie\u00dfender Sch\u00fctze f\u00fcr den Scheibenwechsel der Sch\u00fctzen der Disziplin \u201e100m liegend frei\u201c gezwungen, seine Schie\u00dfroutine zu unterbrechen. Das rei\u00dft einen nicht nur aus der Konzentration, sondern sorgte auch f\u00fcr unn\u00f6tige Verwirrung sowohl beim Sch\u00fctzen als auch bei den Aufsichten.<br><br>Mein Vorschlag an dieser Stelle:<br><br>Gebt mehr Zeit (gr\u00f6\u00dferes Zeitfenster gesamt) oder verringert die Schusszahl. Dazu vermischt bitte nicht die geschossenen Disziplinen.<br><br>Viele Gr\u00fc\u00dfe<\/em><\/p>\n\n\n\n<p><em>R.S.<\/em><\/p>\n\n\n\n<hr class=\"wp-block-separator has-alpha-channel-opacity\"\/>\n\n\n\n<p><em>P.P hat es sehr gut gefallen. Besonders der Veranstaltungsort, die  Verpflegung, die Freundlichkeit und die Organisation.<\/em><\/p>\n\n\n\n<p><em>mfg P &amp; M<\/em><\/p>\n\n\n\n<p><\/p>\n\n\n\n<hr class=\"wp-block-separator has-alpha-channel-opacity\"\/>\n\n\n\n<p><em>R.W. hat es sehr gut gefallen. Eine insgesamt sehr gut gelungene Veranstaltung. Sehr interessant war auch, dass das Schie\u00dfen Vereins- und Verbands offen war. Dadurch konnte man gute Kontakte schlie\u00dfen. Highlight war das Abschlussfeuerwerk, absolut unerreichbar.<\/em><\/p>\n\n\n\n<p><em>mfg R.W.<\/em><\/p>\n\n\n\n<hr class=\"wp-block-separator has-alpha-channel-opacity\"\/>\n\n\n\n<h2 class=\"wp-block-heading has-text-align-center\"><strong>Und Hier bitten wir Euch um Euere Meinung, bzw. um Verbesserungsvorschl\u00e4ge f\u00fcr unser n\u00e4chstes Schie\u00dfevent:<\/strong><\/h2>\n\n\n\n<div class=\"wpcf7 no-js\" id=\"wpcf7-f3356-o1\" lang=\"de-DE\" dir=\"ltr\" data-wpcf7-id=\"3356\">\n<div class=\"screen-reader-response\"><p role=\"status\" aria-live=\"polite\" aria-atomic=\"true\"><\/p> <ul><\/ul><\/div>\n<form action=\"\/index.php?rest_route=%2Fwp%2Fv2%2Fpages%2F3302#wpcf7-f3356-o1\" method=\"post\" class=\"wpcf7-form init\" aria-label=\"Kontaktformular\" novalidate=\"novalidate\" data-status=\"init\">\n<fieldset class=\"hidden-fields-container\"><input type=\"hidden\" name=\"_wpcf7\" value=\"3356\" \/><input type=\"hidden\" name=\"_wpcf7_version\" value=\"6.1.5\" \/><input type=\"hidden\" name=\"_wpcf7_locale\" value=\"de_DE\" \/><input type=\"hidden\" name=\"_wpcf7_unit_tag\" value=\"wpcf7-f3356-o1\" \/><input type=\"hidden\" name=\"_wpcf7_container_post\" value=\"0\" \/><input type=\"hidden\" name=\"_wpcf7_posted_data_hash\" value=\"\" \/>\n<\/fieldset>\n<p><label> Ihr Name:<br \/>\n<span class=\"wpcf7-form-control-wrap\" data-name=\"your-name\"><input size=\"40\" maxlength=\"400\" class=\"wpcf7-form-control wpcf7-text wpcf7-validates-as-required\" autocomplete=\"name\" aria-required=\"true\" aria-invalid=\"false\" value=\"\" type=\"text\" name=\"your-name\" \/><\/span> <\/label>\n<\/p>\n<p><label> Wie hat Ihnen die Veranstaltung gefallen? <\/label><br \/>\n<span class=\"wpcf7-form-control-wrap\" data-name=\"gefallen\"><span class=\"wpcf7-form-control wpcf7-radio\"><span class=\"wpcf7-list-item first\"><label><input type=\"radio\" name=\"gefallen\" value=\"sehr gut\" \/><span class=\"wpcf7-list-item-label\">sehr gut<\/span><\/label><\/span><span class=\"wpcf7-list-item\"><label><input type=\"radio\" name=\"gefallen\" value=\"gut\" \/><span class=\"wpcf7-list-item-label\">gut<\/span><\/label><\/span><span class=\"wpcf7-list-item\"><label><input type=\"radio\" name=\"gefallen\" value=\"weniger gut\" \/><span class=\"wpcf7-list-item-label\">weniger gut<\/span><\/label><\/span><span class=\"wpcf7-list-item last\"><label><input type=\"radio\" name=\"gefallen\" value=\"schlecht\" \/><span class=\"wpcf7-list-item-label\">schlecht<\/span><\/label><\/span><\/span><\/span>\n<\/p>\n<p><label> Was hat Ihnen besonders gefallen?<br \/>\n<span class=\"wpcf7-form-control-wrap\" data-name=\"besonders\"><textarea cols=\"40\" rows=\"10\" maxlength=\"2000\" class=\"wpcf7-form-control wpcf7-textarea\" aria-invalid=\"false\" name=\"besonders\"><\/textarea><\/span> <\/label>\n<\/p>\n<p><label> Was k\u00f6nnen wir besser machen?<br \/>\n<span class=\"wpcf7-form-control-wrap\" data-name=\"besser\"><textarea cols=\"40\" rows=\"10\" maxlength=\"2000\" class=\"wpcf7-form-control wpcf7-textarea\" aria-invalid=\"false\" name=\"besser\"><\/textarea><\/span> <\/label>\n<\/p>\n<p><label> Anregungen<br \/>\n<span class=\"wpcf7-form-control-wrap\" data-name=\"anregungen\"><textarea cols=\"40\" rows=\"10\" maxlength=\"2000\" class=\"wpcf7-form-control wpcf7-textarea\" aria-invalid=\"false\" name=\"anregungen\"><\/textarea><\/span> <\/label>\n<\/p>\n<p><input class=\"wpcf7-form-control wpcf7-submit has-spinner\" type=\"submit\" value=\"Senden\" \/>\n<\/p><div class=\"wpcf7-response-output\" aria-hidden=\"true\"><\/div>\n<\/form>\n<\/div>\n\n","protected":false},"excerpt":{"rendered":"<p>Ergebnisse Die Urkunden und Pokale k\u00f6nnen in den kommenden Tagen am Schie\u00dfstand abgeholt werden. Jeder Teilnehmer erh\u00e4lt eine Urkunde vom BDS Landesverband Th\u00fcringen. Abschlussfeuerwerk zum Ausklang des Schie\u00dfevents am Abend Feedback zum Sommerpokal &#8222;Hallo Herr Carl, vielen Dank f\u00fcr die gelungene Veranstaltung am Samstag in Judenbach \u2013 es war ein sch\u00f6nes Event, das rundum Spa\u00df &hellip; <a href=\"https:\/\/schuetzenverein-judenbach.de\/?page_id=3302\" class=\"more-link\"><span class=\"screen-reader-text\">Ergebnisse und Bilder 1. offener Sommerpokal des BDS 2025 in  Judenbach<\/span> weiterlesen<\/a><\/p>\n","protected":false},"author":1,"featured_media":0,"parent":0,"menu_order":0,"comment_status":"closed","ping_status":"closed","template":"","meta":{"ngg_post_thumbnail":0,"footnotes":""},"class_list":["post-3302","page","type-page","status-publish","hentry"],"_links":{"self":[{"href":"https:\/\/schuetzenverein-judenbach.de\/index.php?rest_route=\/wp\/v2\/pages\/3302","targetHints":{"allow":["GET"]}}],"collection":[{"href":"https:\/\/schuetzenverein-judenbach.de\/index.php?rest_route=\/wp\/v2\/pages"}],"about":[{"href":"https:\/\/schuetzenverein-judenbach.de\/index.php?rest_route=\/wp\/v2\/types\/page"}],"author":[{"embeddable":true,"href":"https:\/\/schuetzenverein-judenbach.de\/index.php?rest_route=\/wp\/v2\/users\/1"}],"replies":[{"embeddable":true,"href":"https:\/\/schuetzenverein-judenbach.de\/index.php?rest_route=%2Fwp%2Fv2%2Fcomments&post=3302"}],"version-history":[{"count":13,"href":"https:\/\/schuetzenverein-judenbach.de\/index.php?rest_route=\/wp\/v2\/pages\/3302\/revisions"}],"predecessor-version":[{"id":3376,"href":"https:\/\/schuetzenverein-judenbach.de\/index.php?rest_route=\/wp\/v2\/pages\/3302\/revisions\/3376"}],"wp:attachment":[{"href":"https:\/\/schuetzenverein-judenbach.de\/index.php?rest_route=%2Fwp%2Fv2%2Fmedia&parent=3302"}],"curies":[{"name":"wp","href":"https:\/\/api.w.org\/{rel}","templated":true}]}}